{"id":1039,"date":"2024-04-08T11:53:31","date_gmt":"2024-04-08T10:53:31","guid":{"rendered":"https:\/\/acrobaticwaveschool.pt\/?page_id=1039"},"modified":"2024-12-02T19:46:18","modified_gmt":"2024-12-02T19:46:18","slug":"lessons","status":"publish","type":"page","link":"https:\/\/acrobaticwaveschool.pt\/pt\/lessons\/","title":{"rendered":"Surf and Bodyboard lessons"},"content":{"rendered":"<div class=\"wp-block-uagb-container uagb-block-c1e2fce7 alignfull uagb-is-root-container\"><div class=\"uagb-container-inner-blocks-wrap\">\n<div class=\"wp-block-uagb-advanced-heading uagb-block-c767fabd\"><\/div>\n<\/div><\/div>\n\n\n\n<div class=\"wp-block-group alignfull has-white-background-color has-background is-nowrap is-layout-flex wp-container-core-group-is-layout-c0d5ccf6 wp-block-group-is-layout-flex\">\n<div class=\"wp-block-uagb-info-box uagb-block-ac2d8a64 uagb-infobox__content-wrap  uagb-infobox-icon-left-title uagb-infobox-left uagb-infobox-image-valign-top wp-block-uagb-info-box--has-margin\"><div class=\"uagb-infobox-margin-wrapper\"><div class=\"uagb-ifb-content\"><div class=\"uagb-ifb-left-title-image\"><div class=\"uagb-ifb-title-wrap\"><h2 class=\"uagb-ifb-title\">O Teu Destino para Aulas de Surf e Bodyboard<\/h2><\/div><\/div><p class=\"uagb-ifb-desc\">Imagina-te a curtir as ondas, com a brisa no rosto enquanto exploras o oceano. Visualiza uma experi\u00eancia de surf onde adquires novas habilidades, crias mem\u00f3rias duradouras e aumentas a tua confian\u00e7a, tudo enquanto te tornas um s\u00f3 com a \u00e1gua. Na Praia do Cabedelo e na Praia da Amorosa, oferecemos aulas particulares e em grupo para todos os n\u00edveis, lideradas por professores experientes. Basta trazeres o teu entusiasmo, e n\u00f3s tratamos do resto.<\/p><\/div><\/div><\/div>\n<\/div>\n\n\n\n<div class=\"wp-block-uagb-container uagb-block-f5f6dd76 alignfull uagb-is-root-container\"><div class=\"uagb-container-inner-blocks-wrap\">\n<div class=\"wp-block-uagb-container uagb-block-3a937d5d\">\n<div class=\"wp-block-uagb-advanced-heading uagb-block-52f959b2\"><h4 class=\"uagb-heading-text\">Aula de Surf 25\u20ac\/pessoa<\/h4><p class=\"uagb-desc-text\">Aula de grupo<\/p><\/div>\n\n\n\n<div class=\"wp-block-uagb-buttons uagb-buttons__outer-wrap uagb-btn__default-btn uagb-btn-tablet__default-btn uagb-btn-mobile__default-btn uagb-block-66707fcb\"><div class=\"uagb-buttons__wrap uagb-buttons-layout-wrap\">\n<div class=\"wp-block-uagb-buttons-child uagb-buttons__outer-wrap uagb-block-b2d87186 wp-block-button\"><div class=\"uagb-button__wrapper\"><a class=\"uagb-buttons-repeater wp-block-button__link\" aria-label=\"\" href=\"https:\/\/acrobaticwaveschool.pt\/pt\/contact\/\" rel=\"follow noopener\" target=\"_self\" role=\"button\"><div class=\"uagb-button__link\">Marca j\u00e1<\/div><\/a><\/div><\/div>\n<\/div><\/div>\n<\/div>\n\n\n\n<div class=\"wp-block-uagb-container uagb-block-d3c9a4c7\">\n<div class=\"wp-block-uagb-advanced-heading uagb-block-441ea808\"><h4 class=\"uagb-heading-text\">Aula de Bodyboard 25\u20ac\/pessoa<\/h4><p class=\"uagb-desc-text\">Aula de grupo<\/p><\/div>\n\n\n\n<div class=\"wp-block-uagb-buttons uagb-buttons__outer-wrap uagb-btn__default-btn uagb-btn-tablet__default-btn uagb-btn-mobile__default-btn uagb-block-6efe501f\"><div class=\"uagb-buttons__wrap uagb-buttons-layout-wrap\">\n<div class=\"wp-block-uagb-buttons-child uagb-buttons__outer-wrap uagb-block-3f419a9a wp-block-button\"><div class=\"uagb-button__wrapper\"><a class=\"uagb-buttons-repeater wp-block-button__link\" aria-label=\"\" href=\"https:\/\/acrobaticwaveschool.pt\/pt\/contact\/\" rel=\"follow noopener\" target=\"_self\" role=\"button\"><div class=\"uagb-button__link\">Marca j\u00e1<\/div><\/a><\/div><\/div>\n<\/div><\/div>\n<\/div>\n\n\n\n<div class=\"wp-block-uagb-container uagb-block-2ff9ec1b\">\n<div class=\"wp-block-uagb-advanced-heading uagb-block-330b613c\"><h4 class=\"uagb-heading-text\">Aula de Stand Up Paddle 25\u20ac\/pessoa<\/h4><p class=\"uagb-desc-text\">Aula de grupo<\/p><\/div>\n\n\n\n<div class=\"wp-block-uagb-buttons uagb-buttons__outer-wrap uagb-btn__default-btn uagb-btn-tablet__default-btn uagb-btn-mobile__default-btn uagb-block-22c08b13\"><div class=\"uagb-buttons__wrap uagb-buttons-layout-wrap\">\n<div class=\"wp-block-uagb-buttons-child uagb-buttons__outer-wrap uagb-block-87c781e1 wp-block-button\"><div class=\"uagb-button__wrapper\"><a class=\"uagb-buttons-repeater wp-block-button__link\" aria-label=\"\" href=\"https:\/\/acrobaticwaveschool.pt\/pt\/contact\/\" rel=\"follow noopener\" target=\"_self\" role=\"button\"><div class=\"uagb-button__link\">Marca j\u00e1<\/div><\/a><\/div><\/div>\n<\/div><\/div>\n<\/div>\n<\/div><\/div>\n\n\n\n<div class=\"wp-block-group alignfull has-white-background-color has-background is-vertical is-layout-flex wp-container-core-group-is-layout-fe9cc265 wp-block-group-is-layout-flex\">\n<div class=\"wp-block-group is-layout-constrained wp-block-group-is-layout-constrained\">\n<div class=\"wp-block-uagb-advanced-heading uagb-block-bc29142b\"><h2 class=\"uagb-heading-text\">O que podes esperar das nossas aulas:<\/h2><\/div>\n\n\n\n<div class=\"wp-block-uagb-container uagb-block-aa4b7c76 alignfull uagb-is-root-container\"><div class=\"uagb-container-inner-blocks-wrap\">\n<div class=\"wp-block-uagb-icon-list uagb-block-0a58d0e9\"><div class=\"uagb-icon-list__wrap\">\n<div class=\"wp-block-uagb-icon-list-child uagb-block-c5bf1486\"><span class=\"uagb-icon-list__source-wrap\"><svg xmlns=\"https:\/\/www.w3.org\/2000\/svg\" viewbox=\"0 0 576 512\"><path d=\"M549.8 237.5c-31.23-5.719-46.84-20.06-47.13-20.31C490.4 205 470.3 205.1 457.7 216.8c-1 .9375-25.14 23-73.73 23s-72.73-22.06-73.38-22.62C298.4 204.9 278.3 205.1 265.7 216.8c-1 .9375-25.14 23-73.73 23S119.3 217.8 118.6 217.2C106.4 204.9 86.35 205 73.74 216.9C73.09 217.4 57.48 231.8 26.24 237.5c-17.38 3.188-28.89 19.84-25.72 37.22c3.188 17.38 19.78 29.09 37.25 25.72C63.1 295.8 82.49 287.1 95.96 279.2c19.5 11.53 51.47 24.68 96.04 24.68c44.55 0 76.49-13.12 96-24.65c19.52 11.53 51.45 24.59 96 24.59c44.58 0 76.55-13.09 96.05-24.62c13.47 7.938 32.86 16.62 58.19 21.25c17.56 3.375 34.06-8.344 37.25-25.72C578.7 257.4 567.2 240.7 549.8 237.5zM549.8 381.7c-31.23-5.719-46.84-20.06-47.13-20.31c-12.22-12.19-32.31-12.12-44.91-.375C456.7 361.9 432.6 384 384 384s-72.73-22.06-73.38-22.62c-12.22-12.25-32.3-12.12-44.89-.375C264.7 361.9 240.6 384 192 384s-72.73-22.06-73.38-22.62c-12.22-12.25-32.28-12.16-44.89-.3438c-.6562 .5938-16.27 14.94-47.5 20.66c-17.38 3.188-28.89 19.84-25.72 37.22C3.713 436.3 20.31 448 37.78 444.6C63.1 440 82.49 431.3 95.96 423.4c19.5 11.53 51.51 24.62 96.08 24.62c44.55 0 76.45-13.06 95.96-24.59C307.5 434.9 339.5 448 384.1 448c44.58 0 76.5-13.09 95.1-24.62c13.47 7.938 32.86 16.62 58.19 21.25C555.8 448 572.3 436.3 575.5 418.9C578.7 401.5 567.2 384.9 549.8 381.7zM37.78 156.4c25.33-4.625 44.72-13.31 58.19-21.25c19.5 11.53 51.47 24.68 96.04 24.68c44.55 0 76.49-13.12 96-24.65c19.52 11.53 51.45 24.59 96 24.59c44.58 0 76.55-13.09 96.05-24.62c13.47 7.938 32.86 16.62 58.19 21.25c17.56 3.375 34.06-8.344 37.25-25.72c3.172-17.38-8.344-34.03-25.72-37.22c-31.23-5.719-46.84-20.06-47.13-20.31c-12.22-12.19-32.31-12.12-44.91-.375c-1 .9375-25.14 23-73.73 23s-72.73-22.06-73.38-22.62c-12.22-12.25-32.3-12.12-44.89-.375c-1 .9375-25.14 23-73.73 23S119.3 73.76 118.6 73.2C106.4 60.95 86.35 61.04 73.74 72.85C73.09 73.45 57.48 87.79 26.24 93.51c-17.38 3.188-28.89 19.84-25.72 37.22C3.713 148.1 20.31 159.8 37.78 156.4z\"><\/path><\/svg><\/span><span class=\"uagb-icon-list__label\"><strong>Instrutores locais experientes:<\/strong> A nossa equipa de entusiastas traz uma vasta experi\u00eancia e uma atitude positiva a cada aula, garantindo uma aprendizagem divertida e memor\u00e1vel.<\/span><\/div>\n\n\n\n<div class=\"wp-block-uagb-icon-list-child uagb-block-220360cb\"><span class=\"uagb-icon-list__source-wrap\"><svg xmlns=\"https:\/\/www.w3.org\/2000\/svg\" viewbox=\"0 0 576 512\"><path d=\"M549.8 237.5c-31.23-5.719-46.84-20.06-47.13-20.31C490.4 205 470.3 205.1 457.7 216.8c-1 .9375-25.14 23-73.73 23s-72.73-22.06-73.38-22.62C298.4 204.9 278.3 205.1 265.7 216.8c-1 .9375-25.14 23-73.73 23S119.3 217.8 118.6 217.2C106.4 204.9 86.35 205 73.74 216.9C73.09 217.4 57.48 231.8 26.24 237.5c-17.38 3.188-28.89 19.84-25.72 37.22c3.188 17.38 19.78 29.09 37.25 25.72C63.1 295.8 82.49 287.1 95.96 279.2c19.5 11.53 51.47 24.68 96.04 24.68c44.55 0 76.49-13.12 96-24.65c19.52 11.53 51.45 24.59 96 24.59c44.58 0 76.55-13.09 96.05-24.62c13.47 7.938 32.86 16.62 58.19 21.25c17.56 3.375 34.06-8.344 37.25-25.72C578.7 257.4 567.2 240.7 549.8 237.5zM549.8 381.7c-31.23-5.719-46.84-20.06-47.13-20.31c-12.22-12.19-32.31-12.12-44.91-.375C456.7 361.9 432.6 384 384 384s-72.73-22.06-73.38-22.62c-12.22-12.25-32.3-12.12-44.89-.375C264.7 361.9 240.6 384 192 384s-72.73-22.06-73.38-22.62c-12.22-12.25-32.28-12.16-44.89-.3438c-.6562 .5938-16.27 14.94-47.5 20.66c-17.38 3.188-28.89 19.84-25.72 37.22C3.713 436.3 20.31 448 37.78 444.6C63.1 440 82.49 431.3 95.96 423.4c19.5 11.53 51.51 24.62 96.08 24.62c44.55 0 76.45-13.06 95.96-24.59C307.5 434.9 339.5 448 384.1 448c44.58 0 76.5-13.09 95.1-24.62c13.47 7.938 32.86 16.62 58.19 21.25C555.8 448 572.3 436.3 575.5 418.9C578.7 401.5 567.2 384.9 549.8 381.7zM37.78 156.4c25.33-4.625 44.72-13.31 58.19-21.25c19.5 11.53 51.47 24.68 96.04 24.68c44.55 0 76.49-13.12 96-24.65c19.52 11.53 51.45 24.59 96 24.59c44.58 0 76.55-13.09 96.05-24.62c13.47 7.938 32.86 16.62 58.19 21.25c17.56 3.375 34.06-8.344 37.25-25.72c3.172-17.38-8.344-34.03-25.72-37.22c-31.23-5.719-46.84-20.06-47.13-20.31c-12.22-12.19-32.31-12.12-44.91-.375c-1 .9375-25.14 23-73.73 23s-72.73-22.06-73.38-22.62c-12.22-12.25-32.3-12.12-44.89-.375c-1 .9375-25.14 23-73.73 23S119.3 73.76 118.6 73.2C106.4 60.95 86.35 61.04 73.74 72.85C73.09 73.45 57.48 87.79 26.24 93.51c-17.38 3.188-28.89 19.84-25.72 37.22C3.713 148.1 20.31 159.8 37.78 156.4z\"><\/path><\/svg><\/span><span class=\"uagb-icon-list__label\"><strong>Aulas \u00e0 medida<\/strong> Quer estejas a iniciar a tua jornada no surf ou sejas um surfista experiente, personalizamos as aulas para atender \u00e0s tuas necessidades.<\/span><\/div>\n\n\n\n<div class=\"wp-block-uagb-icon-list-child uagb-block-baa206af\"><span class=\"uagb-icon-list__source-wrap\"><svg xmlns=\"https:\/\/www.w3.org\/2000\/svg\" viewbox=\"0 0 576 512\"><path d=\"M549.8 237.5c-31.23-5.719-46.84-20.06-47.13-20.31C490.4 205 470.3 205.1 457.7 216.8c-1 .9375-25.14 23-73.73 23s-72.73-22.06-73.38-22.62C298.4 204.9 278.3 205.1 265.7 216.8c-1 .9375-25.14 23-73.73 23S119.3 217.8 118.6 217.2C106.4 204.9 86.35 205 73.74 216.9C73.09 217.4 57.48 231.8 26.24 237.5c-17.38 3.188-28.89 19.84-25.72 37.22c3.188 17.38 19.78 29.09 37.25 25.72C63.1 295.8 82.49 287.1 95.96 279.2c19.5 11.53 51.47 24.68 96.04 24.68c44.55 0 76.49-13.12 96-24.65c19.52 11.53 51.45 24.59 96 24.59c44.58 0 76.55-13.09 96.05-24.62c13.47 7.938 32.86 16.62 58.19 21.25c17.56 3.375 34.06-8.344 37.25-25.72C578.7 257.4 567.2 240.7 549.8 237.5zM549.8 381.7c-31.23-5.719-46.84-20.06-47.13-20.31c-12.22-12.19-32.31-12.12-44.91-.375C456.7 361.9 432.6 384 384 384s-72.73-22.06-73.38-22.62c-12.22-12.25-32.3-12.12-44.89-.375C264.7 361.9 240.6 384 192 384s-72.73-22.06-73.38-22.62c-12.22-12.25-32.28-12.16-44.89-.3438c-.6562 .5938-16.27 14.94-47.5 20.66c-17.38 3.188-28.89 19.84-25.72 37.22C3.713 436.3 20.31 448 37.78 444.6C63.1 440 82.49 431.3 95.96 423.4c19.5 11.53 51.51 24.62 96.08 24.62c44.55 0 76.45-13.06 95.96-24.59C307.5 434.9 339.5 448 384.1 448c44.58 0 76.5-13.09 95.1-24.62c13.47 7.938 32.86 16.62 58.19 21.25C555.8 448 572.3 436.3 575.5 418.9C578.7 401.5 567.2 384.9 549.8 381.7zM37.78 156.4c25.33-4.625 44.72-13.31 58.19-21.25c19.5 11.53 51.47 24.68 96.04 24.68c44.55 0 76.49-13.12 96-24.65c19.52 11.53 51.45 24.59 96 24.59c44.58 0 76.55-13.09 96.05-24.62c13.47 7.938 32.86 16.62 58.19 21.25c17.56 3.375 34.06-8.344 37.25-25.72c3.172-17.38-8.344-34.03-25.72-37.22c-31.23-5.719-46.84-20.06-47.13-20.31c-12.22-12.19-32.31-12.12-44.91-.375c-1 .9375-25.14 23-73.73 23s-72.73-22.06-73.38-22.62c-12.22-12.25-32.3-12.12-44.89-.375c-1 .9375-25.14 23-73.73 23S119.3 73.76 118.6 73.2C106.4 60.95 86.35 61.04 73.74 72.85C73.09 73.45 57.48 87.79 26.24 93.51c-17.38 3.188-28.89 19.84-25.72 37.22C3.713 148.1 20.31 159.8 37.78 156.4z\"><\/path><\/svg><\/span><span class=\"uagb-icon-list__label\"><strong>Uma experi\u00eancia inesquec\u00edvel<\/strong> Junta-te a n\u00f3s para aproveitar ao m\u00e1ximo as ondas do Cabedelo e da Amorosa, desfrutar de momentos fant\u00e1sticos e criar mem\u00f3rias duradouras.<\/span><\/div>\n<\/div><\/div>\n<\/div><\/div>\n<\/div>\n\n\n\n<div class=\"wp-block-uagb-container uagb-block-1940f59e alignfull uagb-is-root-container\">\n<div class=\"wp-block-uagb-container uagb-block-0fa8dc87 alignfull uagb-is-root-container\"><div class=\"uagb-container-inner-blocks-wrap\">\n<div class=\"wp-block-uagb-container uagb-block-aaa491a8\">\n<div class=\"wp-block-uagb-image uagb-block-95ad5af2 wp-block-uagb-image--layout-default wp-block-uagb-image--effect-static wp-block-uagb-image--align-none\"><figure class=\"wp-block-uagb-image__figure\"><img decoding=\"async\" srcset=\"https:\/\/acrobaticwaveschool.pt\/wp-content\/uploads\/2024\/03\/1705446792793-1024x735.jpg ,https:\/\/acrobaticwaveschool.pt\/wp-content\/uploads\/2024\/03\/1705446792793.jpg 780w, https:\/\/acrobaticwaveschool.pt\/wp-content\/uploads\/2024\/03\/1705446792793.jpg 360w\" sizes=\"auto, (max-width: 480px) 150px\" src=\"https:\/\/acrobaticwaveschool.pt\/wp-content\/uploads\/2024\/03\/1705446792793-1024x735.jpg\" alt=\"surfboards laying on the beach\" class=\"uag-image-927\" width=\"1024\" height=\"735\" title=\"Sufrboards_viana_do_castelo\" loading=\"lazy\" role=\"img\"\/><\/figure><\/div>\n<\/div>\n\n\n\n<div class=\"wp-block-uagb-container uagb-block-273f62cc\">\n<div class=\"wp-block-uagb-info-box uagb-block-f179cbd3 uagb-infobox__content-wrap  uagb-infobox-icon-above-title uagb-infobox-image-valign-top\"><div class=\"uagb-ifb-content\"><div class=\"uagb-ifb-title-wrap\"><h2 class=\"uagb-ifb-title\">Aulas<\/h2><\/div><p class=\"uagb-ifb-desc\">As nossas aulas de surf e bodyboard est\u00e3o totalmente equipadas com tudo o que precisas para uma experi\u00eancia excepcional. <br>Fornecemos todo o equipamento essencial, incluindo fato, barbatanas, prancha e muito mais, para que te possas concentrar em aproveitar as ondas. Cada aula tem a dura\u00e7\u00e3o de 1h30, dando-te tempo suficiente para aprender, praticar e divertir-te na \u00e1gua. Junta-te a n\u00f3s para uma sess\u00e3o e aproveita ao m\u00e1ximo o teu tempo!<\/p><\/div><\/div>\n<\/div>\n<\/div><\/div>\n<\/div>\n\n\n\n<div class=\"wp-block-uagb-container uagb-block-610baaad alignfull uagb-is-root-container\"><div class=\"uagb-container-inner-blocks-wrap\">\n<div class=\"wp-block-uagb-container uagb-block-31b295f2\">\n<div class=\"wp-block-uagb-info-box uagb-block-2a89b7d9 uagb-infobox__content-wrap  uagb-infobox-icon-above-title uagb-infobox-image-valign-top\"><div class=\"uagb-ifb-content\"><div class=\"uagb-ifb-title-wrap\"><h2 class=\"uagb-ifb-title\"><strong>Viana Surf Spots<\/strong><\/h2><\/div><p class=\"uagb-ifb-desc\">Ideais para principiantes ou surfistas interm\u00e9dios, a Praia do Cabedelo e a Praia da Amorosa s\u00e3o destinos de excel\u00eancia para a tua aventura. Estas praias oferecem condi\u00e7\u00f5es de surf para todos os n\u00edveis e qualquer pessoa que queira surfar.<\/p><\/div><\/div>\n<\/div>\n\n\n\n<div class=\"wp-block-uagb-container uagb-block-7db25ae8\">\n<div class=\"wp-block-uagb-image uagb-block-f23a0025 wp-block-uagb-image--layout-default wp-block-uagb-image--effect-static wp-block-uagb-image--align-none\"><figure class=\"wp-block-uagb-image__figure\"><img decoding=\"async\" srcset=\"https:\/\/acrobaticwaveschool.pt\/wp-content\/uploads\/2024\/03\/DSC8268-2-min-1024x683.jpg ,https:\/\/acrobaticwaveschool.pt\/wp-content\/uploads\/2024\/03\/DSC8268-2-min-scaled.jpg 780w, https:\/\/acrobaticwaveschool.pt\/wp-content\/uploads\/2024\/03\/DSC8268-2-min-scaled.jpg 360w\" sizes=\"auto, (max-width: 480px) 150px\" src=\"https:\/\/acrobaticwaveschool.pt\/wp-content\/uploads\/2024\/03\/DSC8268-2-min-1024x683.jpg\" alt=\"beach with people surfing\" class=\"uag-image-951\" width=\"1024\" height=\"683\" title=\"beach with people surfing\" loading=\"lazy\" role=\"img\"\/><\/figure><\/div>\n<\/div>\n<\/div><\/div>\n\n\n\n<div class=\"wp-block-uagb-container uagb-block-b5d89b93 alignfull uagb-is-root-container\"><div class=\"uagb-container-inner-blocks-wrap\">\n<div class=\"wp-block-uagb-advanced-heading uagb-block-beab5184\"><h2 class=\"uagb-heading-text\">Pre\u00e7os:<\/h2><\/div>\n\n\n\n<figure class=\"wp-block-table is-style-stripes has-medium-font-size\" style=\"margin-top:0;margin-right:0;margin-bottom:0;margin-left:0\"><table class=\"has-fixed-layout\" style=\"border-style:none;border-width:0px\"><thead><tr><th>Surf\/Bodyboard\/Stand Up Paddle<\/th><th class=\"has-text-align-center\" data-align=\"center\">Aula de grupo<\/th><th class=\"has-text-align-center\" data-align=\"center\">Aula privada<\/th><\/tr><\/thead><tbody><tr><td>1 aula<\/td><td class=\"has-text-align-center\" data-align=\"center\">25\u20ac\/pessoa<\/td><td class=\"has-text-align-center\" data-align=\"center\">50\u20ac\/pessoa<\/td><\/tr><tr><td>5 aulas<\/td><td class=\"has-text-align-center\" data-align=\"center\">90\u20ac\/pessoa<\/td><td class=\"has-text-align-center\" data-align=\"center\">180\u20ac\/pessoa<\/td><\/tr><tr><td>10 aulas<\/td><td class=\"has-text-align-center\" data-align=\"center\">145\u20ac\/pessoa<\/td><td class=\"has-text-align-center\" data-align=\"center\">290\u20ac\/pessoa<\/td><\/tr><\/tbody><tfoot><tr><td>Os pre\u00e7os incluem IVA<\/td><td class=\"has-text-align-center\" data-align=\"center\"><\/td><td class=\"has-text-align-center\" data-align=\"center\"><\/td><\/tr><\/tfoot><\/table><\/figure>\n<\/div><\/div>\n<\/div>","protected":false},"excerpt":{"rendered":"<p>Surf lesson 25\u20ac\/person Group session Bodyboard lesson 25\u20ac\/person Group session Stand Up Paddle lesson 25\u20ac\/person Group session Why choose us? Prices: Surf\/Bodyboard\/Stand Up Paddle Group session Private session 1 lesson 25\u20ac\/person 50\u20ac\/person 5 lessons 90\u20ac\/person 180\u20ac\/person 10 lessons 145\u20ac\/person 290\u20ac\/person The prices include IVA<\/p>","protected":false},"author":1,"featured_media":0,"parent":0,"menu_order":1,"comment_status":"closed","ping_status":"closed","template":"","meta":{"_uag_custom_page_level_css":"","site-sidebar-layout":"no-sidebar","site-content-layout":"plain-container","ast-site-content-layout":"normal-width-container","site-content-style":"unboxed","site-sidebar-style":"unboxed","ast-global-header-display":"","ast-banner-title-visibility":"","ast-main-header-display":"","ast-hfb-above-header-display":"","ast-hfb-below-header-display":"","ast-hfb-mobile-header-display":"","site-post-title":"disabled","ast-breadcrumbs-content":"","ast-featured-img":"disabled","footer-sml-layout":"","theme-transparent-header-meta":"enabled","adv-header-id-meta":"","stick-header-meta":"","header-above-stick-meta":"","header-main-stick-meta":"","header-below-stick-meta":"","astra-migrate-meta-layouts":"set","ast-page-background-enabled":"default","ast-page-background-meta":{"desktop":{"background-color":"","background-image":"","background-repeat":"repeat","background-position":"center center","background-size":"auto","background-attachment":"scroll","background-type":"","background-media":"","overlay-type":"","overlay-color":"","overlay-opacity":"","overlay-gradient":""},"tablet":{"background-color":"","background-image":"","background-repeat":"repeat","background-position":"center center","background-size":"auto","background-attachment":"scroll","background-type":"","background-media":"","overlay-type":"","overlay-color":"","overlay-opacity":"","overlay-gradient":""},"mobile":{"background-color":"","background-image":"","background-repeat":"repeat","background-position":"center center","background-size":"auto","background-attachment":"scroll","background-type":"","background-media":"","overlay-type":"","overlay-color":"","overlay-opacity":"","overlay-gradient":""}},"ast-content-background-meta":{"desktop":{"background-color":"var(--ast-global-color-5)","background-image":"","background-repeat":"repeat","background-position":"center center","background-size":"auto","background-attachment":"scroll","background-type":"","background-media":"","overlay-type":"","overlay-color":"","overlay-opacity":"","overlay-gradient":""},"tablet":{"background-color":"var(--ast-global-color-5)","background-image":"","background-repeat":"repeat","background-position":"center center","background-size":"auto","background-attachment":"scroll","background-type":"","background-media":"","overlay-type":"","overlay-color":"","overlay-opacity":"","overlay-gradient":""},"mobile":{"background-color":"var(--ast-global-color-5)","background-image":"","background-repeat":"repeat","background-position":"center center","background-size":"auto","background-attachment":"scroll","background-type":"","background-media":"","overlay-type":"","overlay-color":"","overlay-opacity":"","overlay-gradient":""}},"footnotes":""},"class_list":["post-1039","page","type-page","status-publish","hentry"],"uagb_featured_image_src":{"full":false,"thumbnail":false,"medium":false,"medium_large":false,"large":false,"1536x1536":false,"2048x2048":false,"trp-custom-language-flag":false},"uagb_author_info":{"display_name":"acrobaticsuperdev","author_link":"https:\/\/acrobaticwaveschool.pt\/pt\/author\/acrobaticsuperdev\/"},"uagb_comment_info":0,"uagb_excerpt":"Surf lesson 25\u20ac\/person Group session Bodyboard lesson 25\u20ac\/person Group session Stand Up Paddle lesson 25\u20ac\/person Group session Why choose us? Prices: Surf\/Bodyboard\/Stand Up Paddle Group session Private session 1 lesson 25\u20ac\/person 50\u20ac\/person 5 lessons 90\u20ac\/person 180\u20ac\/person 10 lessons 145\u20ac\/person 290\u20ac\/person The prices include IVA","_links":{"self":[{"href":"https:\/\/acrobaticwaveschool.pt\/pt\/wp-json\/wp\/v2\/pages\/1039","targetHints":{"allow":["GET"]}}],"collection":[{"href":"https:\/\/acrobaticwaveschool.pt\/pt\/wp-json\/wp\/v2\/pages"}],"about":[{"href":"https:\/\/acrobaticwaveschool.pt\/pt\/wp-json\/wp\/v2\/types\/page"}],"author":[{"embeddable":true,"href":"https:\/\/acrobaticwaveschool.pt\/pt\/wp-json\/wp\/v2\/users\/1"}],"replies":[{"embeddable":true,"href":"https:\/\/acrobaticwaveschool.pt\/pt\/wp-json\/wp\/v2\/comments?post=1039"}],"version-history":[{"count":38,"href":"https:\/\/acrobaticwaveschool.pt\/pt\/wp-json\/wp\/v2\/pages\/1039\/revisions"}],"predecessor-version":[{"id":1237,"href":"https:\/\/acrobaticwaveschool.pt\/pt\/wp-json\/wp\/v2\/pages\/1039\/revisions\/1237"}],"wp:attachment":[{"href":"https:\/\/acrobaticwaveschool.pt\/pt\/wp-json\/wp\/v2\/media?parent=1039"}],"curies":[{"name":"wp","href":"https:\/\/api.w.org\/{rel}","templated":true}]}}