{"id":218,"date":"2020-05-12T03:43:04","date_gmt":"2020-05-12T03:43:04","guid":{"rendered":"https:\/\/acrobaticwaveschool.pt\/about\/"},"modified":"2024-12-02T17:04:49","modified_gmt":"2024-12-02T17:04:49","slug":"about","status":"publish","type":"page","link":"https:\/\/acrobaticwaveschool.pt\/pt\/about\/","title":{"rendered":"Sobre n\u00f3s"},"content":{"rendered":"<div class=\"wp-block-uagb-container uagb-block-f6474934 alignfull uagb-is-root-container\"><div class=\"uagb-container-inner-blocks-wrap\">\n<div class=\"wp-block-uagb-advanced-heading uagb-block-b47deef7\"><h1 class=\"uagb-heading-text\">\u200b<\/h1><\/div>\n<\/div><\/div>\n\n\n\n<div class=\"wp-block-uagb-container uagb-block-da5d164a alignfull uagb-is-root-container\"><div class=\"uagb-container-inner-blocks-wrap\">\n<div class=\"wp-block-uagb-container uagb-block-2b01c8b2\">\n<div class=\"wp-block-uagb-advanced-heading uagb-block-7d9c3655\"><h2 class=\"uagb-heading-text\">Esp\u00edrito do Oceano<\/h2><p class=\"uagb-desc-text\"> <\/p><\/div>\n\n\n\n<div class=\"wp-block-uagb-image alignleft uagb-block-75f58f4d wp-block-uagb-image--layout-default wp-block-uagb-image--effect-static wp-block-uagb-image--align-left\"><figure class=\"wp-block-uagb-image__figure\"><img decoding=\"async\" srcset=\"https:\/\/acrobaticwaveschool.pt\/wp-content\/uploads\/2024\/04\/IMG-20230729-WA00031-1024x768.jpg ,https:\/\/acrobaticwaveschool.pt\/wp-content\/uploads\/2024\/04\/IMG-20230729-WA00031.jpg 780w, https:\/\/acrobaticwaveschool.pt\/wp-content\/uploads\/2024\/04\/IMG-20230729-WA00031.jpg 360w\" sizes=\"auto, (max-width: 480px) 150px\" src=\"https:\/\/acrobaticwaveschool.pt\/wp-content\/uploads\/2024\/04\/IMG-20230729-WA00031-1024x768.jpg\" alt=\"\" class=\"uag-image-1027\" width=\"523\" height=\"391\" title=\"IMG-20230729-WA00031\" loading=\"lazy\" role=\"img\"\/><\/figure><\/div>\n<\/div>\n\n\n\n<div class=\"wp-block-uagb-container uagb-block-fdfc0364\">\n<div class=\"wp-block-uagb-info-box uagb-block-0ef86749 uagb-infobox__content-wrap  uagb-infobox-icon-above-title uagb-infobox-image-valign-top\"><div class=\"uagb-ifb-content\"><div class=\"uagb-ifb-title-wrap\"><span class=\"uagb-ifb-title-prefix\">Ol\u00e1, sou o Rui Mendes, fundador da Acrobatic Wave School. Em 2014, decidi transformar a minha paix\u00e3o pelo ensino e pelo bodyboard em algo mais do que uma busca pessoal. Com anos de experi\u00eancia como bodyboarder e surfista, encontrei consolo e liga\u00e7\u00e3o nas ondas, e quis partilhar isso contigo.<br><br>Na Acrobatic Wave School, cri\u00e1mos um ambiente descontra\u00eddo onde todos, independentemente do n\u00edvel de habilidade, podem aprender, divertir-se e apaixonar-se pelo oceano. <br>Surfar e fazer bodyboard n\u00e3o \u00e9 apenas apanhar ondas; \u00e9 abra\u00e7ar um estilo de vida que celebra a liberdade, a alegria e o respeito pela natureza.<br><br>Portanto, quer sejas um principiante ou um praticante experiente, estamos entusiasmados por te ter connosco na Acrobatic Wave School para apanharmos ondas juntos em Viana do Castelo.<br><\/span><\/div><\/div><\/div>\n\n\n\n<div class=\"wp-block-uagb-advanced-heading uagb-block-930e46bc\"><h3 class=\"uagb-heading-text\">Rui Mendes<\/h3><\/div>\n<\/div>\n<\/div><\/div>\n\n\n\n<div class=\"wp-block-group alignfull has-background is-layout-constrained wp-block-group-is-layout-constrained\" style=\"background-color:#f3f9fb\">\n<div class=\"wp-block-uagb-advanced-heading uagb-block-35fa616d\"><h2 class=\"uagb-heading-text\">Os nossos valores<\/h2><div class=\"uagb-separator\"><\/div><\/div>\n\n\n\n<div class=\"wp-block-uagb-info-box uagb-block-57f05815 uagb-infobox__content-wrap  uagb-infobox-icon-left-title uagb-infobox-left uagb-infobox-image-valign-top\"><div class=\"uagb-ifb-content\"><div class=\"uagb-ifb-left-title-image\"><div class=\"uagb-ifb-icon-wrap\"><svg xmlns=\"https:\/\/www.w3.org\/2000\/svg\" viewbox=\"0 0 512 512\"><path d=\"M0 190.9V185.1C0 115.2 50.52 55.58 119.4 44.1C164.1 36.51 211.4 51.37 244 84.02L256 96L267.1 84.02C300.6 51.37 347 36.51 392.6 44.1C461.5 55.58 512 115.2 512 185.1V190.9C512 232.4 494.8 272.1 464.4 300.4L283.7 469.1C276.2 476.1 266.3 480 256 480C245.7 480 235.8 476.1 228.3 469.1L47.59 300.4C17.23 272.1 .0003 232.4 .0003 190.9L0 190.9z\"><\/path><\/svg><\/div><div class=\"uagb-ifb-title-wrap\"><h3 class=\"uagb-ifb-title\">Paix\u00e3o<\/h3><\/div><\/div><p class=\"uagb-ifb-desc\">Surfar e fazer bodyboard n\u00e3o s\u00e3o apenas desportos; s\u00e3o um modo de vida. Trata-se de sentir a adrenalina ao apanhar a onda perfeita, a emo\u00e7\u00e3o de vencer os teus medos, e a pura alegria de estar na \u00e1gua. Na Acrobatic Wave School, a nossa paix\u00e3o pelo oceano \u00e9 contagiante, e estamos aqui para te ajudar a descobrir a tua.<\/p><\/div><\/div>\n\n\n\n<div class=\"wp-block-uagb-info-box uagb-block-24463401 uagb-infobox__content-wrap  uagb-infobox-icon-left-title uagb-infobox-left uagb-infobox-image-valign-top\"><div class=\"uagb-ifb-content\"><div class=\"uagb-ifb-left-title-image\"><div class=\"uagb-ifb-icon-wrap\"><svg xmlns=\"https:\/\/www.w3.org\/2000\/svg\" viewbox=\"0 0 640 512\"><path d=\"M208 112C208 50.14 258.1 0 320 0C381.9 0 432 50.14 432 112C432 173.9 381.9 224 320 224C258.1 224 208 173.9 208 112zM80 258.7L140.3 339C149.7 351.6 167.7 353.8 179.9 343.8C190.4 335.1 193.1 319.1 186 308.3L164.6 272.5C155.9 258 159.9 239.3 173.7 229.7C187.6 220.1 206.5 222.9 216.1 236L263.5 294.1C279.3 313.1 288 338.6 288 364.1V480C288 497.7 273.7 512 256 512H160C150.3 512 141.1 507.6 135 499.1L14.02 348.8C4.946 337.4 0 323.3 0 308.8V103.1C0 81.91 17.91 63.1 40 63.1C62.09 63.1 80 81.91 80 103.1V258.7zM640 104V308.8C640 323.3 635.1 337.4 625.1 348.8L504.1 499.1C498.9 507.6 489.7 512 480 512H384C366.3 512 352 497.7 352 480V364.1C352 338.6 360.7 313.1 376.5 294.1L423 236C433.5 222.9 452.4 220.1 466.3 229.7C480.1 239.3 484.1 258 475.4 272.5L453.1 308.3C446.9 319.1 449.6 335.1 460.2 343.8C472.3 353.8 490.3 351.6 499.7 339L560 258.7V104C560 81.91 577.9 64 600 64C622.1 64 640 81.91 640 104V104z\"><\/path><\/svg><\/div><div class=\"uagb-ifb-title-wrap\"><h3 class=\"uagb-ifb-title\">Respeito<\/h3><\/div><\/div><p class=\"uagb-ifb-desc\">Desde as poderosas ondas at\u00e9 aos delicados ecossistemas abaixo da superf\u00edcie, respeitamos a beleza do oceano e a diversa comunidade que partilha as nossas ondas. Comprometidos em promover pr\u00e1ticas sustent\u00e1veis e em tratar os outros com cuidado e rever\u00eancia, honramos o oceano e os seus habitantes.<\/p><\/div><\/div>\n\n\n\n<div class=\"wp-block-uagb-info-box uagb-block-1ac7ccb5 uagb-infobox__content-wrap  uagb-infobox-icon-left-title uagb-infobox-left uagb-infobox-image-valign-top\"><div class=\"uagb-ifb-content\"><div class=\"uagb-ifb-left-title-image\"><div class=\"uagb-ifb-icon-wrap\"><svg xmlns=\"https:\/\/www.w3.org\/2000\/svg\" viewbox=\"0 0 448 512\"><path d=\"M224 180.4V32c0-17.67-14.31-32-32-32S160 14.33 160 32v144h40C208.5 176 216.5 177.7 224 180.4zM128 176V64c0-17.67-14.31-32-32-32S64 46.33 64 64v112.8C66.66 176.5 69.26 176 72 176H128zM288 192c17.69 0 32-14.33 32-32V64c0-17.67-14.31-32-32-32s-32 14.33-32 32v96C256 177.7 270.3 192 288 192zM384 96c-17.69 0-32 14.33-32 32v64c0 17.67 14.31 32 32 32s32-14.34 32-32.02V128C416 110.3 401.7 96 384 96zM350.9 246.2c-12.43-7.648-21.94-19.31-26.88-33.25C313.7 219.9 301.3 223.9 288 223.9c-7.641 0-14.87-1.502-21.66-3.957C269.1 228.6 272 238.1 272 248c0 39.77-32.25 72-72 72H128c-8.836 0-16-7.164-16-16C112 295.2 119.2 288 128 288h72c22.09 0 40-17.91 40-40S222.1 208 200 208h-128C49.91 208 32 225.9 32 248v63.41c0 33.13 16 64.56 42.81 84.13L128 434.2V512h224v-85.09c38.3-24.09 64-66.42 64-114.9V247.1C406.6 252.6 395.7 256 384 256C371.7 256 360.5 252.2 350.9 246.2z\"><\/path><\/svg><\/div><div class=\"uagb-ifb-title-wrap\"><h3 class=\"uagb-ifb-title\">Empoderamento<\/h3><\/div><\/div><p class=\"uagb-ifb-desc\">Surfar e fazer bodyboard t\u00eam o poder de transformar vidas. Trata-se de ultrapassar os teus limites, abra\u00e7ar novos desafios e descobrir do que \u00e9s realmente capaz. Na Acrobatic Wave School, estamos dedicados a capacitar os nossos alunos para encontrar liberdade nas ondas e empoderamento em cada surfada.<\/p><\/div><\/div>\n<\/div>\n\n\n\n<p><\/p>","protected":false},"excerpt":{"rendered":"<p>\u200b Ocean Spirit, Endless Adventure Rui Mendes Our values<\/p>","protected":false},"author":1,"featured_media":0,"parent":0,"menu_order":0,"comment_status":"closed","ping_status":"closed","template":"","meta":{"_uag_custom_page_level_css":"","site-sidebar-layout":"no-sidebar","site-content-layout":"plain-container","ast-site-content-layout":"normal-width-container","site-content-style":"unboxed","site-sidebar-style":"unboxed","ast-global-header-display":"","ast-banner-title-visibility":"","ast-main-header-display":"","ast-hfb-above-header-display":"","ast-hfb-below-header-display":"","ast-hfb-mobile-header-display":"","site-post-title":"disabled","ast-breadcrumbs-content":"","ast-featured-img":"disabled","footer-sml-layout":"","theme-transparent-header-meta":"enabled","adv-header-id-meta":"","stick-header-meta":"","header-above-stick-meta":"","header-main-stick-meta":"","header-below-stick-meta":"","astra-migrate-meta-layouts":"set","ast-page-background-enabled":"default","ast-page-background-meta":{"desktop":{"background-color":"","background-image":"","background-repeat":"repeat","background-position":"center center","background-size":"auto","background-attachment":"scroll","background-type":"","background-media":"","overlay-type":"","overlay-color":"","overlay-opacity":"","overlay-gradient":""},"tablet":{"background-color":"","background-image":"","background-repeat":"repeat","background-position":"center center","background-size":"auto","background-attachment":"scroll","background-type":"","background-media":"","overlay-type":"","overlay-color":"","overlay-opacity":"","overlay-gradient":""},"mobile":{"background-color":"","background-image":"","background-repeat":"repeat","background-position":"center center","background-size":"auto","background-attachment":"scroll","background-type":"","background-media":"","overlay-type":"","overlay-color":"","overlay-opacity":"","overlay-gradient":""}},"ast-content-background-meta":{"desktop":{"background-color":"var(--ast-global-color-5)","background-image":"","background-repeat":"repeat","background-position":"center center","background-size":"auto","background-attachment":"scroll","background-type":"","background-media":"","overlay-type":"","overlay-color":"","overlay-opacity":"","overlay-gradient":""},"tablet":{"background-color":"var(--ast-global-color-5)","background-image":"","background-repeat":"repeat","background-position":"center center","background-size":"auto","background-attachment":"scroll","background-type":"","background-media":"","overlay-type":"","overlay-color":"","overlay-opacity":"","overlay-gradient":""},"mobile":{"background-color":"var(--ast-global-color-5)","background-image":"","background-repeat":"repeat","background-position":"center center","background-size":"auto","background-attachment":"scroll","background-type":"","background-media":"","overlay-type":"","overlay-color":"","overlay-opacity":"","overlay-gradient":""}},"footnotes":""},"class_list":["post-218","page","type-page","status-publish","hentry"],"uagb_featured_image_src":{"full":false,"thumbnail":false,"medium":false,"medium_large":false,"large":false,"1536x1536":false,"2048x2048":false,"trp-custom-language-flag":false},"uagb_author_info":{"display_name":"acrobaticsuperdev","author_link":"https:\/\/acrobaticwaveschool.pt\/pt\/author\/acrobaticsuperdev\/"},"uagb_comment_info":0,"uagb_excerpt":"\u200b Ocean Spirit, Endless Adventure Rui Mendes Our values","_links":{"self":[{"href":"https:\/\/acrobaticwaveschool.pt\/pt\/wp-json\/wp\/v2\/pages\/218","targetHints":{"allow":["GET"]}}],"collection":[{"href":"https:\/\/acrobaticwaveschool.pt\/pt\/wp-json\/wp\/v2\/pages"}],"about":[{"href":"https:\/\/acrobaticwaveschool.pt\/pt\/wp-json\/wp\/v2\/types\/page"}],"author":[{"embeddable":true,"href":"https:\/\/acrobaticwaveschool.pt\/pt\/wp-json\/wp\/v2\/users\/1"}],"replies":[{"embeddable":true,"href":"https:\/\/acrobaticwaveschool.pt\/pt\/wp-json\/wp\/v2\/comments?post=218"}],"version-history":[{"count":14,"href":"https:\/\/acrobaticwaveschool.pt\/pt\/wp-json\/wp\/v2\/pages\/218\/revisions"}],"predecessor-version":[{"id":1206,"href":"https:\/\/acrobaticwaveschool.pt\/pt\/wp-json\/wp\/v2\/pages\/218\/revisions\/1206"}],"wp:attachment":[{"href":"https:\/\/acrobaticwaveschool.pt\/pt\/wp-json\/wp\/v2\/media?parent=218"}],"curies":[{"name":"wp","href":"https:\/\/api.w.org\/{rel}","templated":true}]}}