{"id":219,"date":"2020-05-12T03:43:04","date_gmt":"2020-05-12T03:43:04","guid":{"rendered":"https:\/\/acrobaticwaveschool.pt\/services\/"},"modified":"2024-12-02T19:37:46","modified_gmt":"2024-12-02T19:37:46","slug":"rentals","status":"publish","type":"page","link":"https:\/\/acrobaticwaveschool.pt\/pt\/rentals\/","title":{"rendered":"Aluguer"},"content":{"rendered":"<div class=\"wp-block-uagb-container uagb-block-c1e2fce7 alignfull uagb-is-root-container\"><div class=\"uagb-container-inner-blocks-wrap\"><\/div><\/div>\n\n\n\n<div class=\"wp-block-uagb-advanced-heading uagb-block-39550f72\"><h2 class=\"uagb-heading-text\">Aluguer de Equipamento<\/h2><\/div>\n\n\n\n<p class=\"has-medium-font-size\" style=\"padding-top:var(--wp--preset--spacing--40);padding-bottom:var(--wp--preset--spacing--40)\">Prepara-te para a tua aventura com o nosso equipamento topo de gama. Temos pranchas de surf, bodyboards, fatos e barbatanas para todos os gostos. Quer estejas a come\u00e7ar ou j\u00e1 sejas experiente, garantimos uma experi\u00eancia incr\u00edvel na \u00e1gua. Aluga o teu material connosco e aproveita o melhor equipamento para surf e bodyboard!<\/p>\n\n\n\n<figure class=\"wp-block-table is-style-stripes\"><table class=\"has-fixed-layout\"><thead><tr><th>Material<\/th><th class=\"has-text-align-center\" data-align=\"center\">Pre\u00e7os por dia<\/th><th class=\"has-text-align-center\" data-align=\"center\">Aluger de 3h<\/th><\/tr><\/thead><tbody><tr><td>Prancha de surf<\/td><td class=\"has-text-align-center\" data-align=\"center\">30\u20ac<\/td><td class=\"has-text-align-center\" data-align=\"center\">20\u20ac<\/td><\/tr><tr><td>Prancha de Bodyboard<\/td><td class=\"has-text-align-center\" data-align=\"center\">20\u20ac<\/td><td class=\"has-text-align-center\" data-align=\"center\">15\u20ac<\/td><\/tr><tr><td>Prancha de SUP<\/td><td class=\"has-text-align-center\" data-align=\"center\">40\u20ac<\/td><td class=\"has-text-align-center\" data-align=\"center\">30\u20ac<\/td><\/tr><tr><td>Fato<\/td><td class=\"has-text-align-center\" data-align=\"center\">20\u20ac<\/td><td class=\"has-text-align-center\" data-align=\"center\">15\u20ac<\/td><\/tr><tr><td>Swim Fins<\/td><td class=\"has-text-align-center\" data-align=\"center\">10\u20ac<\/td><td class=\"has-text-align-center\" data-align=\"center\">5\u20ac<\/td><\/tr><tr><td>Os pre\u00e7os incluem IVA<\/td><td class=\"has-text-align-center\" data-align=\"center\"><\/td><td class=\"has-text-align-center\" data-align=\"center\"><\/td><\/tr><\/tbody><\/table><\/figure>","protected":false},"excerpt":{"rendered":"<p>Surf and Bodyboard Equipment Rentals Gear up for your adventure with our top-quality surf and bodyboard equipment rentals. We offer a wide range of surfboards, bodyboards, wetsuits, and fins to suit all skill levels and preferences. Whether you&#8217;re a beginner looking to catch your first wave or an experienced rider seeking the perfect board, our [&hellip;]<\/p>","protected":false},"author":1,"featured_media":0,"parent":0,"menu_order":0,"comment_status":"closed","ping_status":"closed","template":"","meta":{"_uag_custom_page_level_css":"","site-sidebar-layout":"no-sidebar","site-content-layout":"plain-container","ast-site-content-layout":"normal-width-container","site-content-style":"unboxed","site-sidebar-style":"unboxed","ast-global-header-display":"","ast-banner-title-visibility":"","ast-main-header-display":"","ast-hfb-above-header-display":"","ast-hfb-below-header-display":"","ast-hfb-mobile-header-display":"","site-post-title":"disabled","ast-breadcrumbs-content":"","ast-featured-img":"","footer-sml-layout":"","theme-transparent-header-meta":"enabled","adv-header-id-meta":"","stick-header-meta":"","header-above-stick-meta":"","header-main-stick-meta":"","header-below-stick-meta":"","astra-migrate-meta-layouts":"set","ast-page-background-enabled":"default","ast-page-background-meta":{"desktop":{"background-color":"","background-image":"","background-repeat":"repeat","background-position":"center center","background-size":"auto","background-attachment":"scroll","background-type":"","background-media":"","overlay-type":"","overlay-color":"","overlay-opacity":"","overlay-gradient":""},"tablet":{"background-color":"","background-image":"","background-repeat":"repeat","background-position":"center center","background-size":"auto","background-attachment":"scroll","background-type":"","background-media":"","overlay-type":"","overlay-color":"","overlay-opacity":"","overlay-gradient":""},"mobile":{"background-color":"","background-image":"","background-repeat":"repeat","background-position":"center center","background-size":"auto","background-attachment":"scroll","background-type":"","background-media":"","overlay-type":"","overlay-color":"","overlay-opacity":"","overlay-gradient":""}},"ast-content-background-meta":{"desktop":{"background-color":"var(--ast-global-color-5)","background-image":"","background-repeat":"repeat","background-position":"center center","background-size":"auto","background-attachment":"scroll","background-type":"","background-media":"","overlay-type":"","overlay-color":"","overlay-opacity":"","overlay-gradient":""},"tablet":{"background-color":"var(--ast-global-color-5)","background-image":"","background-repeat":"repeat","background-position":"center center","background-size":"auto","background-attachment":"scroll","background-type":"","background-media":"","overlay-type":"","overlay-color":"","overlay-opacity":"","overlay-gradient":""},"mobile":{"background-color":"var(--ast-global-color-5)","background-image":"","background-repeat":"repeat","background-position":"center center","background-size":"auto","background-attachment":"scroll","background-type":"","background-media":"","overlay-type":"","overlay-color":"","overlay-opacity":"","overlay-gradient":""}},"footnotes":""},"class_list":["post-219","page","type-page","status-publish","hentry"],"uagb_featured_image_src":{"full":false,"thumbnail":false,"medium":false,"medium_large":false,"large":false,"1536x1536":false,"2048x2048":false,"trp-custom-language-flag":false},"uagb_author_info":{"display_name":"acrobaticsuperdev","author_link":"https:\/\/acrobaticwaveschool.pt\/pt\/author\/acrobaticsuperdev\/"},"uagb_comment_info":0,"uagb_excerpt":"Surf and Bodyboard Equipment Rentals Gear up for your adventure with our top-quality surf and bodyboard equipment rentals. We offer a wide range of surfboards, bodyboards, wetsuits, and fins to suit all skill levels and preferences. Whether you&#8217;re a beginner looking to catch your first wave or an experienced rider seeking the perfect board, our&hellip;","_links":{"self":[{"href":"https:\/\/acrobaticwaveschool.pt\/pt\/wp-json\/wp\/v2\/pages\/219","targetHints":{"allow":["GET"]}}],"collection":[{"href":"https:\/\/acrobaticwaveschool.pt\/pt\/wp-json\/wp\/v2\/pages"}],"about":[{"href":"https:\/\/acrobaticwaveschool.pt\/pt\/wp-json\/wp\/v2\/types\/page"}],"author":[{"embeddable":true,"href":"https:\/\/acrobaticwaveschool.pt\/pt\/wp-json\/wp\/v2\/users\/1"}],"replies":[{"embeddable":true,"href":"https:\/\/acrobaticwaveschool.pt\/pt\/wp-json\/wp\/v2\/comments?post=219"}],"version-history":[{"count":35,"href":"https:\/\/acrobaticwaveschool.pt\/pt\/wp-json\/wp\/v2\/pages\/219\/revisions"}],"predecessor-version":[{"id":1219,"href":"https:\/\/acrobaticwaveschool.pt\/pt\/wp-json\/wp\/v2\/pages\/219\/revisions\/1219"}],"wp:attachment":[{"href":"https:\/\/acrobaticwaveschool.pt\/pt\/wp-json\/wp\/v2\/media?parent=219"}],"curies":[{"name":"wp","href":"https:\/\/api.w.org\/{rel}","templated":true}]}}